{"id":2,"date":"2019-10-09T08:40:14","date_gmt":"2019-10-09T06:40:14","guid":{"rendered":"http:\/\/schieder-dienstleistungen.de\/?page_id=2"},"modified":"2023-05-02T21:27:23","modified_gmt":"2023-05-02T19:27:23","slug":"beispiel-seite","status":"publish","type":"page","link":"https:\/\/schieder-dienstleistungen.de\/","title":{"rendered":""},"content":{"rendered":"<div class=\"wp-block-image\">\n<figure class=\"alignleft\"><img loading=\"lazy\" decoding=\"async\" width=\"1024\" height=\"129\" src=\"http:\/\/schieder-dienstleistungen.de\/wp-content\/uploads\/2019\/10\/logo-1024x129.png\" alt=\"\" class=\"wp-image-7\" srcset=\"https:\/\/schieder-dienstleistungen.de\/wp-content\/uploads\/2019\/10\/logo-1024x129.png 1024w, https:\/\/schieder-dienstleistungen.de\/wp-content\/uploads\/2019\/10\/logo-300x38.png 300w, https:\/\/schieder-dienstleistungen.de\/wp-content\/uploads\/2019\/10\/logo-768x97.png 768w, https:\/\/schieder-dienstleistungen.de\/wp-content\/uploads\/2019\/10\/logo-1568x197.png 1568w\" sizes=\"auto, (max-width: 706px) 89vw, (max-width: 767px) 82vw, 740px\" \/><figcaption class=\"wp-element-caption\">95666 Leonberg<br><br>0151\/44521609<br><br>info@schieder-dienstleistungen.de<br><br><\/figcaption><\/figure>\n<\/div>\n\n\n<p> <\/p>\n\n\n\n<figure class=\"wp-block-image size-large\"><img loading=\"lazy\" decoding=\"async\" width=\"1024\" height=\"205\" src=\"https:\/\/schieder-dienstleistungen.de\/wp-content\/uploads\/2023\/05\/Loxone_Logo-Partner_Registered-1024x205.png\" alt=\"\" class=\"wp-image-48\" srcset=\"https:\/\/schieder-dienstleistungen.de\/wp-content\/uploads\/2023\/05\/Loxone_Logo-Partner_Registered-1024x205.png 1024w, https:\/\/schieder-dienstleistungen.de\/wp-content\/uploads\/2023\/05\/Loxone_Logo-Partner_Registered-300x60.png 300w, https:\/\/schieder-dienstleistungen.de\/wp-content\/uploads\/2023\/05\/Loxone_Logo-Partner_Registered-768x154.png 768w, https:\/\/schieder-dienstleistungen.de\/wp-content\/uploads\/2023\/05\/Loxone_Logo-Partner_Registered-1536x307.png 1536w, https:\/\/schieder-dienstleistungen.de\/wp-content\/uploads\/2023\/05\/Loxone_Logo-Partner_Registered-2048x409.png 2048w\" sizes=\"auto, (max-width: 706px) 89vw, (max-width: 767px) 82vw, 740px\" \/><\/figure>\n\n\n\n<h3 class=\"wp-block-heading\" id=\"docs-internal-guid-60f48a5d-7fff-0d81-30ac-8037b11e3318\"><strong>Loxone Create Automation<\/strong><strong>&nbsp;&nbsp;&nbsp; <\/strong><strong>&nbsp;&nbsp;&nbsp; <\/strong><strong>&nbsp;&nbsp;&nbsp; <\/strong><strong>&nbsp;&nbsp;&nbsp; <\/strong><strong>&nbsp;&nbsp;&nbsp; <\/strong><\/h3>\n\n\n\n<p>Create Automation &#8211; Unter diesem Motto gr\u00fcndeten Thomas Moser und Martin \u00d6ller 2009 Loxone. Das Unternehmen revolutionierte mit dem gr\u00fcnen Miniserver nicht nur nachhaltig die Smart Home Branche, sondern ist Vorreiter bei der einfachen Steuerung und intelligenten Automatisierung von Projekten aller Art. Vom Smart Home \u00fcber Gewerbeobjekte bis hin zu Spezialanwendungen. Mehr als 140.000 Projekte wurden weltweit bereits von professionellen Partnern realisiert. \u200b<br><\/p>\n\n\n\n<p>Technische Spielereien stehen nicht im Fokus, sondern der Mensch. In einer Zeit, in der Menschen zum Mond fliegen und Autos selber einparken, vertreten die Gr\u00fcnder den Standpunkt, dass ein Geb\u00e4ude die meisten Aufgaben in punkto Sicherheit, Komfort und Energieeffizienz von selbst erledigen muss. Anstatt Zeit mit der Technik zu verbringen, gibt Loxone diese den Menschen zur\u00fcck.&nbsp;&nbsp;&nbsp; &nbsp;&nbsp;&nbsp; &nbsp;&nbsp;&nbsp; <\/p>\n\n\n\n<p>Die Loxone Gruppe z\u00e4hlt mehr als 350 Mitarbeiter an mehr als 20 Standorten weltweit. In der Unternehmenszentrale im \u00f6sterreichischen Kollerschlag sind rund 100 Mitarbeiter besch\u00e4ftigt.&nbsp;<\/p>\n\n\n\n<h3 class=\"wp-block-heading\"><strong>Loxone Allgemein:<\/strong>&nbsp;<\/h3>\n\n\n\n<ul class=\"wp-block-list\">\n<li>Egal ob Smart Home, B\u00fcro, Hotel,&#8230; mit Loxone lassen sich Projekte aller Art ganz leicht automatisieren und steuern.<\/li>\n<\/ul>\n\n\n\n<ul class=\"wp-block-list\">\n<li>Loxone \u2013 die Komplettl\u00f6sung zur Haus- und Geb\u00e4udeautomation&nbsp;<\/li>\n<\/ul>\n\n\n\n<ul class=\"wp-block-list\">\n<li>Mit dem Miniserver von Loxone verbinden Sie alle Komponenten eines Geb\u00e4udes intelligent miteinander.<\/li>\n<\/ul>\n\n\n\n<ul class=\"wp-block-list\">\n<li>Von der Beleuchtung bis zum Zutritt: Loxone bietet eine L\u00f6sung f\u00fcr jeden Anwendungsbereich.<\/li>\n<\/ul>\n\n\n\n<ul class=\"wp-block-list\">\n<li>Mehr erfahren: <a href=\"https:\/\/www.loxone.com\/dede\/\">https:\/\/www.loxone.com\/dede\/<\/a><\/li>\n<\/ul>\n\n\n\n<h3 class=\"wp-block-heading\"><strong>Smart Home:<\/strong>&nbsp;<\/h3>\n\n\n\n<ul class=\"wp-block-list\">\n<li>Loxone installieren \u2013 tausende Handgriffe sparen.<\/li>\n<\/ul>\n\n\n\n<ul class=\"wp-block-list\">\n<li>Der Miniserver ist das Herzst\u00fcck der Loxone Automation. Dank ihm wird der Traum vom eigenen Smart Home wahr.&nbsp;<\/li>\n<\/ul>\n\n\n\n<ul class=\"wp-block-list\">\n<li>Alle Komponenten wie Beschattung, Beleuchtung, Heizung &amp; Co kommunizieren im Loxone Smart Home miteinander.<\/li>\n<\/ul>\n\n\n\n<ul class=\"wp-block-list\">\n<li>Mit Loxone optimieren Sie den Energieverbrauch in Ihrem Eigenheim.<\/li>\n<\/ul>\n\n\n\n<ul class=\"wp-block-list\">\n<li>Mit nur ein paar Tastern pro Raum bedienen Sie die Beleuchtung, Beschattung &amp; Co.<\/li>\n<\/ul>\n\n\n\n<ul class=\"wp-block-list\">\n<li>Mehr erfahren: <a href=\"https:\/\/www.loxone.com\/dede\/smart-home\/eigenheim\/\">https:\/\/www.loxone.com\/dede\/smart-home\/eigenheim\/<\/a><\/li>\n<\/ul>\n\n\n\n<h3 class=\"wp-block-heading\"><strong>Gewerbe:<\/strong><\/h3>\n\n\n\n<ul class=\"wp-block-list\">\n<li>Setzen Sie bei Ihrem Smart Home und Gewerbeprojekt mit Loxone auf Sicherheit, Komfort &amp; Energie-Effizienz.<\/li>\n<\/ul>\n\n\n\n<ul class=\"wp-block-list\">\n<li>Der Miniserver mit der skalierbaren Struktur und den offenen Schnittstellen ist das ideale Werkzeug f\u00fcr die Automatisierung in Wohnbau, Hotel, B\u00fcro oder Industrieprojekten aller Art.&nbsp;<\/li>\n<\/ul>\n\n\n\n<ul class=\"wp-block-list\">\n<li>Mehr erfahren: <a href=\"https:\/\/www.loxone.com\/dede\/gewerbe\/gebaeudeautomation\/\">https:\/\/www.loxone.com\/dede\/gewerbe\/gebaeudeautomation\/<\/a><\/li>\n<\/ul>\n\n\n\n<h3 class=\"wp-block-heading\"><strong>Spezialanwendungen:<\/strong><\/h3>\n\n\n\n<ul class=\"wp-block-list\">\n<li>Mit Loxone lassen sich selbst komplexe Steuerungs- und Automatisierungsaufgaben umsetzen. M\u00f6glich machen das die unz\u00e4hligen Schnittstellen, die hohe Skalierbarkeit und die grenzenlosen Logiken. Arbeitsprozesse lassen sich so ganz einfach optimieren und steigern die Effizienz Ihres Geb\u00e4udes.<\/li>\n<\/ul>\n\n\n\n<ul class=\"wp-block-list\">\n<li>Mehr erfahren: <a href=\"https:\/\/www.loxone.com\/dede\/gewerbe\/spezialanwendung\/\">https:\/\/www.loxone.com\/dede\/gewerbe\/spezialanwendung\/<\/a><\/li>\n<\/ul>\n\n\n\n<h3 class=\"wp-block-heading\"><strong>Cloudfree:<\/strong><\/h3>\n\n\n\n<ul class=\"wp-block-list\">\n<li>Anders als bei vielen Smart Home- und Geb\u00e4udeautomationssystemen ist Loxone ein cloudfree \u2013 es erfolgt weder ein Abgleich noch eine Auswertung pers\u00f6nlicher Daten. Sensible Daten liegen gesch\u00fctzt auf Ihrem Miniserver und verlassen Ihr Haus nicht, denn Datensicherheit ist der Grundsatz von Loxone!<\/li>\n<\/ul>\n\n\n\n<ul class=\"wp-block-list\">\n<li>Mehr erfahren: <a href=\"https:\/\/www.loxone.com\/dede\/smart-home\/ohne-cloud\/\">https:\/\/www.loxone.com\/dede\/smart-home\/ohne-cloud\/<\/a><\/li>\n<\/ul>\n\n\n\n<h3 class=\"wp-block-heading\"><strong>Beleuchtung:<\/strong><\/h3>\n\n\n\n<ul class=\"wp-block-list\">\n<li>Das Thema Beleuchtung wird durch die unz\u00e4hligen Technologien (LED, Indirektlicht,&#8230;) immer komplexer. Loxone erm\u00f6glicht eine clevere Lichtsteuerung und bindet jede Leuchte in jedes Geb\u00e4ude ein.<\/li>\n<\/ul>\n\n\n\n<ul class=\"wp-block-list\">\n<li>Mehr erfahren: <a href=\"https:\/\/www.loxone.com\/dede\/produkte\/lichtsteuerung-beleuchtung\/\">https:\/\/www.loxone.com\/dede\/produkte\/lichtsteuerung-beleuchtung\/<\/a><\/li>\n<\/ul>\n\n\n\n<h3 class=\"wp-block-heading\"><strong>Beschattung:&nbsp;<\/strong><\/h3>\n\n\n\n<ul class=\"wp-block-list\">\n<li>Rolll\u00e4den, Raffstores, Jalousien\u2026 jegliche Beschattungselemente k\u00f6nnen mit Loxone automatisiert werden und sorgen so f\u00fcr Komfort und Energie-Effizienz in Smart Homes, B\u00fcros, Hotel und Industrieprojekten aller Art.&nbsp;<\/li>\n<\/ul>\n\n\n\n<ul class=\"wp-block-list\">\n<li>Mehr erfahren: <a href=\"https:\/\/www.loxone.com\/dede\/produkte\/beschattung\/\">https:\/\/www.loxone.com\/dede\/produkte\/beschattung\/<\/a><\/li>\n<\/ul>\n\n\n\n<h3 class=\"wp-block-heading\"><strong>Klima (Heizung + Bel\u00fcftung):<\/strong><\/h3>\n\n\n\n<ul class=\"wp-block-list\">\n<li>Loxone k\u00fcmmert sich mithilfe der smarten Heizungssteuerung, Klimaanlage und Rauml\u00fcftung um das optimale Raumklima. Egal ob Smart Home, B\u00fcro oder Gewerbeobjekt.<\/li>\n<\/ul>\n\n\n\n<ul class=\"wp-block-list\">\n<li>Mehr erfahren: <a href=\"https:\/\/www.loxone.com\/dede\/produkte\/heizungssteuerung\/\">https:\/\/www.loxone.com\/dede\/produkte\/heizungssteuerung\/<\/a><\/li>\n<\/ul>\n\n\n\n<h3 class=\"wp-block-heading\"><strong>Multiroom Audio:<\/strong><\/h3>\n\n\n\n<ul class=\"wp-block-list\">\n<li>Mit der Mediensteuerung von Loxone lassen sich die unterschiedlichsten Unterhaltungsmedien wie TV, Beamer und Musikanlage verbinden und bedienen.<\/li>\n<\/ul>\n\n\n\n<ul class=\"wp-block-list\">\n<li>Mehr erfahren: <a href=\"https:\/\/www.loxone.com\/dede\/produkte\/multi-room-system\/\">https:\/\/www.loxone.com\/dede\/produkte\/multi-room-system\/<\/a><\/li>\n<\/ul>\n\n\n\n<h3 class=\"wp-block-heading\"><strong>Energie:<\/strong><\/h3>\n\n\n\n<ul class=\"wp-block-list\">\n<li>Die smarten Produkte von Loxone helfen beim Energiesparen und sorgen so f\u00fcr mehr Energieeffizienz. Ob im Smart Home, B\u00fcro oder einem anderen Gewerbeprojekt \u2013 Beschattung, Beleuchtung, Heizung &amp; Co. spielen perfekt zusammen und helfen so Energiekosten zu sparen.<\/li>\n<\/ul>\n\n\n\n<ul class=\"wp-block-list\">\n<li>Mehr erfahren: <a href=\"https:\/\/www.loxone.com\/dede\/produkte\/energiesparen\/\">https:\/\/www.loxone.com\/dede\/produkte\/energiesparen\/<\/a><\/li>\n<\/ul>\n\n\n\n<h3 class=\"wp-block-heading\"><strong>Sicherheit:&nbsp;<\/strong><\/h3>\n\n\n\n<ul class=\"wp-block-list\">\n<li>Mit Loxone ausgestattete Geb\u00e4ude erkennen Gefahren wie Feuer, Wasser oder Einbruch unverz\u00fcglich und schlagen rechtzeitig Alarm. F\u00fcr optimale Sicherheit ist somit zu jeder Sekunde gesorgt.<\/li>\n<\/ul>\n\n\n\n<ul class=\"wp-block-list\">\n<li>Mehr erfahren: <a href=\"https:\/\/www.loxone.com\/dede\/produkte\/sicherheit\/\">https:\/\/www.loxone.com\/dede\/produkte\/sicherheit\/<\/a><\/li>\n<\/ul>\n\n\n\n<h3 class=\"wp-block-heading\"><strong>Zutritt:<\/strong><\/h3>\n\n\n\n<ul class=\"wp-block-list\">\n<li>Die Zutrittssysteme von Loxone halten dank der offenen Skalierbarkeit eine Reihe an individuellen L\u00f6sungen f\u00fcr Sie bereit. Ob 2 oder 200 Benutzer \u2013 Sie k\u00f6nnen damit genau die Zutrittsl\u00f6sung anbieten, die Sie f\u00fcr Ihr Projekt ben\u00f6tigen.<\/li>\n<\/ul>\n\n\n\n<ul class=\"wp-block-list\">\n<li>Mehr erfahren: <a href=\"https:\/\/www.loxone.com\/dede\/produkte\/zutrittskontrolle\/\">https:\/\/www.loxone.com\/dede\/produkte\/zutrittskontrolle\/<\/a><\/li>\n<\/ul>\n","protected":false},"excerpt":{"rendered":"<p>Loxone Create Automation&nbsp;&nbsp;&nbsp; &nbsp;&nbsp;&nbsp; &nbsp;&nbsp;&nbsp; &nbsp;&nbsp;&nbsp; &nbsp;&nbsp;&nbsp; Create Automation &#8211; Unter diesem Motto gr\u00fcndeten Thomas Moser und Martin \u00d6ller 2009 Loxone. Das Unternehmen revolutionierte mit dem gr\u00fcnen Miniserver nicht nur nachhaltig die Smart Home Branche, sondern ist Vorreiter bei der einfachen Steuerung und intelligenten Automatisierung von Projekten aller Art. Vom Smart Home \u00fcber Gewerbeobjekte bis &hellip; <\/p>\n<p class=\"link-more\"><a href=\"https:\/\/schieder-dienstleistungen.de\/\" class=\"more-link\"><span class=\"screen-reader-text\">\u201e\u201c <\/span>weiterlesen<\/a><\/p>\n","protected":false},"author":1,"featured_media":0,"parent":0,"menu_order":0,"comment_status":"closed","ping_status":"open","template":"","meta":{"footnotes":""},"class_list":["post-2","page","type-page","status-publish","hentry"],"_links":{"self":[{"href":"https:\/\/schieder-dienstleistungen.de\/index.php?rest_route=\/wp\/v2\/pages\/2","targetHints":{"allow":["GET"]}}],"collection":[{"href":"https:\/\/schieder-dienstleistungen.de\/index.php?rest_route=\/wp\/v2\/pages"}],"about":[{"href":"https:\/\/schieder-dienstleistungen.de\/index.php?rest_route=\/wp\/v2\/types\/page"}],"author":[{"embeddable":true,"href":"https:\/\/schieder-dienstleistungen.de\/index.php?rest_route=\/wp\/v2\/users\/1"}],"replies":[{"embeddable":true,"href":"https:\/\/schieder-dienstleistungen.de\/index.php?rest_route=%2Fwp%2Fv2%2Fcomments&post=2"}],"version-history":[{"count":13,"href":"https:\/\/schieder-dienstleistungen.de\/index.php?rest_route=\/wp\/v2\/pages\/2\/revisions"}],"predecessor-version":[{"id":49,"href":"https:\/\/schieder-dienstleistungen.de\/index.php?rest_route=\/wp\/v2\/pages\/2\/revisions\/49"}],"wp:attachment":[{"href":"https:\/\/schieder-dienstleistungen.de\/index.php?rest_route=%2Fwp%2Fv2%2Fmedia&parent=2"}],"curies":[{"name":"wp","href":"https:\/\/api.w.org\/{rel}","templated":true}]}}